{"id":7781,"date":"2016-09-30T11:24:44","date_gmt":"2016-09-30T11:24:44","guid":{"rendered":"https:\/\/latam.kaspersky.com\/blog\/?page_id=7781"},"modified":"2022-05-05T09:52:51","modified_gmt":"2022-05-05T15:52:51","slug":"unsubscribe","status":"publish","type":"page","link":"https:\/\/latam.kaspersky.com\/blog\/unsubscribe\/","title":{"rendered":"La suscripci\u00f3n se cancel\u00f3 con \u00e9xito"},"content":{"rendered":"<p>Eliminamos tu e-mail de nuestra lista de contactos.<\/p>\n<p>Sentimos mucho que te vayas.<\/p>\n","protected":false},"excerpt":{"rendered":"<p>Eliminamos tu e-mail de nuestra lista de contactos. Sentimos mucho que te vayas.<\/p>\n","protected":false},"author":2706,"featured_media":0,"parent":0,"menu_order":0,"comment_status":"closed","ping_status":"closed","template":"","meta":{"_acf_changed":false,"footnotes":""},"categories":[],"class_list":["post-7781","page","type-page","status-publish"],"hreflang":[{"hreflang":"es-mx","url":"https:\/\/latam.kaspersky.com\/blog\/unsubscribe\/"},{"hreflang":"en-in","url":"https:\/\/www.kaspersky.co.in\/blog\/unsubscribe\/"},{"hreflang":"en-ae","url":"https:\/\/me-en.kaspersky.com\/blog\/unsubscribe\/"},{"hreflang":"ar","url":"https:\/\/me.kaspersky.com\/blog\/unsubscribe\/"},{"hreflang":"en-us","url":"https:\/\/usa.kaspersky.com\/blog\/unsubscribe\/"},{"hreflang":"en-gb","url":"https:\/\/www.kaspersky.co.uk\/blog\/unsubscribe\/"},{"hreflang":"es","url":"https:\/\/www.kaspersky.es\/blog\/unsubscribe\/"},{"hreflang":"it","url":"https:\/\/www.kaspersky.it\/blog\/unsubscribe\/"},{"hreflang":"ru","url":"https:\/\/www.kaspersky.ru\/blog\/unsubscribe\/"},{"hreflang":"tr","url":"https:\/\/www.kaspersky.com.tr\/blog\/unsubscribe\/"},{"hreflang":"x-default","url":"https:\/\/www.kaspersky.com\/blog\/unsubscribe\/"},{"hreflang":"fr","url":"https:\/\/www.kaspersky.fr\/blog\/unsubscribe\/"},{"hreflang":"pt-br","url":"https:\/\/www.kaspersky.com.br\/blog\/unsubscribe\/"},{"hreflang":"pl","url":"https:\/\/plblog.kaspersky.com\/unsubscribe\/"},{"hreflang":"de","url":"https:\/\/www.kaspersky.de\/blog\/unsubscribe\/"},{"hreflang":"zh","url":"https:\/\/www.kaspersky.com.cn\/blog\/unsubscribe\/"},{"hreflang":"ja","url":"https:\/\/blog.kaspersky.co.jp\/unsubscribe\/"},{"hreflang":"nl","url":"https:\/\/www.kaspersky.nl\/blog\/unsubscribe\/"},{"hreflang":"ru-kz","url":"https:\/\/blog.kaspersky.kz\/unsubscribe\/"},{"hreflang":"en-au","url":"https:\/\/www.kaspersky.com.au\/blog\/unsubscribe\/"},{"hreflang":"en-za","url":"https:\/\/www.kaspersky.co.za\/blog\/unsubscribe\/"}],"acf":[],"banners":"","is_landing":false,"_links":{"self":[{"href":"https:\/\/latam.kaspersky.com\/blog\/wp-json\/wp\/v2\/pages\/7781","targetHints":{"allow":["GET"]}}],"collection":[{"href":"https:\/\/latam.kaspersky.com\/blog\/wp-json\/wp\/v2\/pages"}],"about":[{"href":"https:\/\/latam.kaspersky.com\/blog\/wp-json\/wp\/v2\/types\/page"}],"author":[{"embeddable":true,"href":"https:\/\/latam.kaspersky.com\/blog\/wp-json\/wp\/v2\/users\/2706"}],"replies":[{"embeddable":true,"href":"https:\/\/latam.kaspersky.com\/blog\/wp-json\/wp\/v2\/comments?post=7781"}],"version-history":[{"count":4,"href":"https:\/\/latam.kaspersky.com\/blog\/wp-json\/wp\/v2\/pages\/7781\/revisions"}],"predecessor-version":[{"id":19025,"href":"https:\/\/latam.kaspersky.com\/blog\/wp-json\/wp\/v2\/pages\/7781\/revisions\/19025"}],"wp:attachment":[{"href":"https:\/\/latam.kaspersky.com\/blog\/wp-json\/wp\/v2\/media?parent=7781"}],"wp:term":[{"taxonomy":"category","embeddable":true,"href":"https:\/\/latam.kaspersky.com\/blog\/wp-json\/wp\/v2\/categories?post=7781"}],"curies":[{"name":"wp","href":"https:\/\/api.w.org\/{rel}","templated":true}]}}