{"id":23401,"date":"2021-11-17T16:51:36","date_gmt":"2021-11-17T22:51:36","guid":{"rendered":"https:\/\/latam.kaspersky.com\/blog\/?page_id=23401"},"modified":"2022-05-05T09:52:50","modified_gmt":"2022-05-05T15:52:50","slug":"entretenimiento","status":"publish","type":"page","link":"https:\/\/latam.kaspersky.com\/blog\/explorando-vida-digital\/entretenimiento\/","title":{"rendered":"<small><sup>Explorando nuestra vida digital<\/sup><\/small><br> 4 de cada 5 latinoamericanos se suscribe a servicios de streaming, lo que convierte a estas plataformas en un im\u00e1n de ciberestafas"},"content":{"rendered":"<style>.c-wysiwyg blockquote{background: rgb(219 229 229 \/ 50%);}.c-wysiwyg blockquote p{font-style:normal} .img-big { width: 100vw!important; max-width: 66.875rem!important; left: 50%!important; position: relative; transform: translateX(-50%); }.accent{color: #00a88e; margin: 0;font-size:1.5rem;font-weight: 900;}.c-wysiwyg .accented-list li:before {top:1.15rem}.c-wysiwyg .accented-list li{margin-bottom:1.25rem}.c-wysiwyg hr+*{margin-top:2.5rem}.c-wysiwyg hr{border-bottom: 2px solid #00a88e; width: 120px;margin: 1rem 0 -1.25rem 0;}blockquote h5 { color: #00a88e; font-style: initial; } span.accented-quote { display: block; font-size: 60px; font-family: sans-serif; line-height: 20px; margin-top: 30px; margin-left: -3px; }@media(min-width: 40.6875rem){.accent{font-size:2rem}.c-wysiwyg .accented-list li:before {top:1.75rem}.c-wysiwyg hr{border-bottom: 2px solid #00a88e; width: 160px;}}.c-wysiwyg ol>li:before{left: -1.85rem; top: -0.25em; font-size: 2.875rem;}.c-wysiwyg ol>li{padding-left: 1rem;} .c-article__image-container+p { margin-top: 1.25em;}.article-submenu ul { display: grid; grid-template-columns: repeat(5,1fr); margin: 0; border-top: 1px solid rgba(0,0,0,.1); box-shadow: inset 0 -1px 0px 0px rgba(0,0,0,.1); } .article-submenu ul li:before { content: none; } .article-submenu li { text-align: center; margin: 8px 0; } .article-submenu li a { text-align: center; padding: 10px; margin: 0; background: none!important; font-size: 14px; font-weight: 300; color: #333; border-bottom: 3px solid transparent; } .article-submenu li.inactive a { pointer-events:none;color: #cacaca } .article-submenu li.current a { pointer-events:none;cursor:initial;border-color: #009981; color: #006d5c; } .article-submenu li.inactive a:after { content: \"Soon\"; display: block; position: absolute; top: 0; right: -22px; background: #cacaca; color: white; padding: 0px 3px; border-radius: 4px; border-bottom-left-radius: 0; font-size: 0.7em; box-shadow: 0 2px 4px rgba(0,0,0,.15);} .article-submenu li.active:hover a { color: #006d5c; border-color: #ddd; transition: .1s; } .article-submenu li.current:hover a { color: #006d5c; border-color: #009981; transition: .1s; }.c-wysiwyg ol>li { padding-top: 0.2rem;}<\/style>\n<div class=\"article-submenu\">\n<ul>\n<li class=\"active \"><a href=\"https:\/\/latam.kaspersky.com\/blog\/explorando-vida-digital\" rel=\"noopener noreferrer\" target=\"_blank\">Introducci\u00f3n<\/a><\/li>\n<li class=\"active\"><a href=\"https:\/\/latam.kaspersky.com\/blog\/explorando-vida-digital\/emprendedor\" rel=\"noopener noreferrer\" target=\"_blank\">Emprendedor<\/a><\/li>\n<li class=\"active\"><a href=\"https:\/\/latam.kaspersky.com\/blog\/explorando-vida-digital\/familia\" rel=\"noopener noreferrer\" target=\"_blank\">Familia<\/a><\/li>\n<li class=\"active \"><a href=\"https:\/\/latam.kaspersky.com\/blog\/explorando-vida-digital\/movil\" rel=\"noopener noreferrer\" target=\"_blank\">M\u00f3vil<\/a><\/li>\n<li class=\"active current\"><a href=\"https:\/\/latam.kaspersky.com\/blog\/explorando-vida-digital\/entretenimiento\" rel=\"noopener noreferrer\" target=\"_blank\">Entretenimiento<\/a><\/li>\n<\/ul>\n<\/div>\n<p>\u00a0<br>\n<img decoding=\"async\" src=\"https:\/\/media.kasperskydaily.com\/wp-content\/uploads\/sites\/87\/2021\/11\/17104119\/explorando-vida-digital-12.png\" alt=\"\" width=\"1600\" height=\"1318\" class=\"aligncenter size-full wp-image-23352\"><br>\n<!--h2>Expertos de Kaspersky brindan consejos contras los ataques m\u00e1s comunes que apuntan a usuarios de servicios de entretenimiento en l\u00ednea<\/h2>\n\n\n<hr-->\n<\/p><p><strong>Una encuesta de Kaspersky muestra que m\u00e1s del 80% de los latinoamericanos paga por servicios de <em>streaming <\/em>como Netflix, HBO Max y Amazon Prime, y que el 54% tambi\u00e9n mantiene suscripciones en plataformas de m\u00fasica como Spotify, YouTube Music y SoundCloud. Aunque el cambio hacia el consumo de contenido en l\u00ednea ha batido r\u00e9cords en los \u00faltimos meses, la notoriedad de estos medios de entretenimiento los ha convertido en populares ganchos de ciberestafas.<\/strong><\/p>\n<p>Un<a href=\"https:\/\/latam.kaspersky.com\/blog\/un-tercio-de-millennials-se-consideran-ordinarios-para-ser-victimas-del-cibercrimen\/19754\/\" target=\"_blank\" rel=\"noopener\"> estudio<\/a> de Kaspersky revel\u00f3 que m\u00e1s de un tercio de los latinoamericanos cree que son demasiado comunes para ser hackeados, pero una mirada m\u00e1s cercana revela que datos financieros son almacenados en tel\u00e9fonos celulares y en muchas de las aplicaciones que utilizan. Por ejemplo, los sitios de <em>streaming<\/em> funcionan con suscripciones mensuales, lo que obliga al usuario a registrar una tarjeta de cr\u00e9dito con la app para mantener su cuenta vigente. Sabiendo esto, los criminales realizan campa\u00f1as masivas de estafa y se valen de p\u00e1ginas falsas que simulan ser sitios oficiales de estas plataformas, los cuales usan para robar datos de las tarjetas o bien, para instalar programas maliciosos en los dispositivos y as\u00ed, interceptar las credenciales bancarias de las v\u00edctimas.<\/p>\n<p>Para llegar a la mayor cantidad de personas posible, estas campa\u00f1as maliciosas usan los contenidos de entretenimiento populares y lanzamientos esperados por los usuarios. Cuanta m\u00e1s atenci\u00f3n atraiga el tema, mayor ser\u00e1 el n\u00famero de v\u00edctimas de un ataque encubierto. Esta t\u00e9cnica qued\u00f3 demostrada en el <a href=\"https:\/\/securelist.com\/game-of-threats\/90116\/\" target=\"_blank\" rel=\"noopener\">informe de Kaspersky<\/a> que analiz\u00f3 31 series populares y confirm\u00f3 que, en 2019, <em>Game of Thrones <\/em>fue la serie m\u00e1s utilizada como cebo por los ciberdelincuentes. El <a href=\"https:\/\/securelist.com\/streaming-related-cyberthreats-report-2021\/104833\/\" target=\"_blank\" rel=\"noopener\">\u00faltimo informe de streaming de Kaspersky<\/a> muestra que las series originales m\u00e1s utilizadas en actividades maliciosas son <em>The Mandalorian <\/em>y <em>Heat Heist<\/em>. Adem\u00e1s de las series, la compa\u00f1\u00eda tambi\u00e9n identific\u00f3 acciones delictivas camufladas como cintas nominadas al <a href=\"https:\/\/latam.kaspersky.com\/blog\/globos-de-oro-2021-amenazas-ocultas-detras-de-las-mejores-peliculas-y-series-de-tv\/21128\/\" target=\"_blank\" rel=\"noopener\">Globo de Oro<\/a>, a los <a href=\"https:\/\/latam.kaspersky.com\/blog\/las-cintas-nominadas-a-mejor-pelicula-usadas-como-cebo-por-ciberdelincuentes\/21727\/\" target=\"_blank\" rel=\"noopener\">Premios Oscar<\/a> y recientemente, lanzamientos de pel\u00edculas como <a href=\"https:\/\/latam.kaspersky.com\/blog\/ciberestafas-aprovechan-el-estreno-de-la-pelicula-viuda-negra\/22268\/\" target=\"_blank\" rel=\"noopener\"><em>Black Widow<\/em><\/a> y <a href=\"https:\/\/latam.kaspersky.com\/blog\/estafadores-aprovechan-nueva-pelicula-de-famoso-espia-secreto-para-lanzar-ataques\/22962\/\" target=\"_blank\" rel=\"noopener\"><em>No Time to Die<\/em><\/a>.<\/p>\n<p>Otro tema de distracci\u00f3n que est\u00e1 en la mira de los ciberdelincuentes es el mundo de los videojuegos: entre el tercer trimestre del 2020 y el segundo de 2021, las soluciones de Kaspersky detectaron y evitaron m\u00e1s de <a href=\"https:\/\/latam.kaspersky.com\/blog\/kaspersky-registra-5-8-millones-de-ataques-contra-gamers-en-el-ultimo-ano\/22620\/\" target=\"_blank\" rel=\"noopener\">5.8 millones de ataques<\/a> de malware y software no deseado disfrazados de populares juegos de PC<strong>. <\/strong>Los t\u00edtulos m\u00e1s utilizados fueron Minecraft, Los Sims 4 y <em>PUBG<\/em>.<\/p>\n<blockquote><p><em>\u201cPensar que las cuentas de videojuego no corren peligro de ser robadas o hackeadas es muy com\u00fan. Sin embargo, debemos considerar que hoy, los videojuegos incorporan premios, as\u00ed como art\u00edculos y mejoras que se adquieren con dinero real, cosas que los cibercriminales pueden monetizar. Si a esto le sumamos que los usuarios suelen registrar una tarjeta de cr\u00e9dito en estas plataformas, es f\u00e1cil entender por qu\u00e9 son un blanco atractivo para los ciberdelincuentes\u201d,<\/em> advierte <strong>Fabiano Tricarico, director de Consumo para Am\u00e9rica Latina en Kaspersky.<\/strong><\/p><\/blockquote>\n<p>Para que el esparcimiento sea a\u00fan m\u00e1s seguro, los expertos de Kaspersky brindan consejos para protegerse contras las t\u00e1cticas m\u00e1s comunes:<\/p>\n<ol>\n<li>\n<h4>Acceso anticipado a lanzamientos<\/h4>\n<\/li>\n<\/ol>\n<p>En los lanzamientos o los d\u00edas en que se publique algo nuevo sobre un juego o una pel\u00edcula, est\u00e9 atento a los enlaces a sitios que no conoce. Por muy tentador que sea, esta es una de las t\u00e1cticas de fraude m\u00e1s comunes para robar datos de tarjetas de cr\u00e9dito. No crea en este tipo de publicidad y tenga una soluci\u00f3n de seguridad para proteger sus dispositivos contra intentos de instalaci\u00f3n de malware o enlaces fraudulentos. Lo mejor del entretenimiento es poder relajarse y disfrutar, as\u00ed que elija una soluci\u00f3n de protecci\u00f3n fiable.<\/p>\n<ol start=\"2\">\n<li>\n<h4>Pirater\u00eda <\/h4>\n<\/li>\n<\/ol>\n<blockquote><p><em>\u201cTodo se puede encontrar en Internet de gratis, solo b\u00fascalo\u201d. Muchos internautas piensan de esta manera, sin evaluar los riesgos que corren. La alerta no es una broma, \u00a1es una realidad! <a href=\"https:\/\/latam.kaspersky.com\/blog\/ciberataques-en-america-latina-crecen-un-24-durante-los-primeros-ocho-meses-de-2021\/22718\/\" target=\"_blank\" rel=\"noopener\">El panorama de amenazas de 2021<\/a> de Kaspersky muestra que el mayor riesgo de las estafas en l\u00ednea proviene de la pirater\u00eda. Para empeorar las cosas, un 40% de los latinoamericanos admite haber desactivado su soluci\u00f3n de seguridad en su celular una o m\u00e1s veces para seguir descargando una aplicaci\u00f3n. \u201cMientras no cambie esta cultura del uso de software no autorizado seguiremos facilitando el trabajo del ciberdelincuente en l\u00ednea\u201d,<\/em> concluye <strong>Tricarico.<\/strong><\/p><\/blockquote>\n<ol start=\"3\">\n<li>\n<h4>Robo de cuenta<\/h4>\n<\/li>\n<\/ol>\n<p>Las estafas que buscan robar credenciales de plataformas de streaming no solo se centran en los datos financieros. Muchos delincuentes roban cuentas activas y <a href=\"https:\/\/latam.kaspersky.com\/blog\/netflix-sold-dark-web\/6442\/\" target=\"_blank\" rel=\"noopener\">venden la credencial a quienes no tienen acceso a este tipo de servicios<\/a>. Para evitar el robo de cuentas, revisa las opciones de seguridad y privacidad de la plataforma, habilita la opci\u00f3n de autenticaci\u00f3n dual y usa una contrase\u00f1a \u00fanica para cada aplicaci\u00f3n. Un <a href=\"https:\/\/latam.kaspersky.com\/password-manager\" target=\"_blank\" rel=\"noopener\">administrador de contrase\u00f1as<\/a> facilita la creaci\u00f3n de claves complejas y las \u2018recuerda\u2019 para que tu no tengas que hacerlo.<\/p>\n<p>Para m\u00e1s consejos de ciberseguridad, visita nuestro <a href=\"http:\/\/latam.kaspersky.com\/blog\" target=\"_blank\" rel=\"noopener\">blog.<\/a><br>\n\u00a0<\/p>\n<div class=\"article-submenu\">\n<ul>\n<li class=\"active \"><a href=\"https:\/\/latam.kaspersky.com\/blog\/explorando-vida-digital\" rel=\"noopener noreferrer\" target=\"_blank\">Introducci\u00f3n<\/a><\/li>\n<li class=\"active\"><a href=\"https:\/\/latam.kaspersky.com\/blog\/explorando-vida-digital\/emprendedor\" rel=\"noopener noreferrer\" target=\"_blank\">Emprendedor<\/a><\/li>\n<li class=\"active\"><a href=\"https:\/\/latam.kaspersky.com\/blog\/explorando-vida-digital\/familia\" rel=\"noopener noreferrer\" target=\"_blank\">Familia<\/a><\/li>\n<li class=\"active \"><a href=\"https:\/\/latam.kaspersky.com\/blog\/explorando-vida-digital\/movil\" rel=\"noopener noreferrer\" target=\"_blank\">M\u00f3vil<\/a><\/li>\n<li class=\"active current\"><a href=\"https:\/\/latam.kaspersky.com\/blog\/explorando-vida-digital\/entretenimiento\" rel=\"noopener noreferrer\" target=\"_blank\">Entretenimiento<\/a><\/li>\n<\/ul>\n<\/div>\n","protected":false},"excerpt":{"rendered":"<p>Introducci\u00f3n Emprendedor Familia M\u00f3vil Entretenimiento \u00a0 Una encuesta de Kaspersky muestra que m\u00e1s del 80% de los latinoamericanos paga por servicios de streaming como Netflix, HBO Max y Amazon Prime,<\/p>\n","protected":false},"author":2706,"featured_media":23352,"parent":23339,"menu_order":0,"comment_status":"closed","ping_status":"closed","template":"","meta":{"_acf_changed":false,"footnotes":""},"categories":[],"class_list":["post-23401","page","type-page","status-publish","has-post-thumbnail"],"hreflang":[{"hreflang":"es-mx","url":"https:\/\/latam.kaspersky.com\/blog\/explorando-vida-digital\/entretenimiento\/"}],"acf":[],"banners":"","is_landing":true,"_links":{"self":[{"href":"https:\/\/latam.kaspersky.com\/blog\/wp-json\/wp\/v2\/pages\/23401","targetHints":{"allow":["GET"]}}],"collection":[{"href":"https:\/\/latam.kaspersky.com\/blog\/wp-json\/wp\/v2\/pages"}],"about":[{"href":"https:\/\/latam.kaspersky.com\/blog\/wp-json\/wp\/v2\/types\/page"}],"author":[{"embeddable":true,"href":"https:\/\/latam.kaspersky.com\/blog\/wp-json\/wp\/v2\/users\/2706"}],"replies":[{"embeddable":true,"href":"https:\/\/latam.kaspersky.com\/blog\/wp-json\/wp\/v2\/comments?post=23401"}],"version-history":[{"count":9,"href":"https:\/\/latam.kaspersky.com\/blog\/wp-json\/wp\/v2\/pages\/23401\/revisions"}],"predecessor-version":[{"id":23450,"href":"https:\/\/latam.kaspersky.com\/blog\/wp-json\/wp\/v2\/pages\/23401\/revisions\/23450"}],"up":[{"embeddable":true,"href":"https:\/\/latam.kaspersky.com\/blog\/wp-json\/wp\/v2\/pages\/23339"}],"wp:featuredmedia":[{"embeddable":true,"href":"https:\/\/latam.kaspersky.com\/blog\/wp-json\/wp\/v2\/media\/23352"}],"wp:attachment":[{"href":"https:\/\/latam.kaspersky.com\/blog\/wp-json\/wp\/v2\/media?parent=23401"}],"wp:term":[{"taxonomy":"category","embeddable":true,"href":"https:\/\/latam.kaspersky.com\/blog\/wp-json\/wp\/v2\/categories?post=23401"}],"curies":[{"name":"wp","href":"https:\/\/api.w.org\/{rel}","templated":true}]}}