{"id":23339,"date":"2021-11-17T11:17:38","date_gmt":"2021-11-17T17:17:38","guid":{"rendered":"https:\/\/latam.kaspersky.com\/blog\/?page_id=23339"},"modified":"2022-05-05T09:52:50","modified_gmt":"2022-05-05T15:52:50","slug":"explorando-vida-digital","status":"publish","type":"page","link":"https:\/\/latam.kaspersky.com\/blog\/explorando-vida-digital\/","title":{"rendered":"<small><sup>Explorando nuestra vida digital<\/sup><\/small><br> Muchas personas se sienten &#8220;demasiado comunes&#8221; para ser hackeadas. \u00bfSer\u00e1 esto cierto?"},"content":{"rendered":"<style>.c-wysiwyg blockquote{background: rgb(219 229 229 \/ 50%);}.c-wysiwyg blockquote p{font-style:normal} .img-big { width: 100vw!important; max-width: 66.875rem!important; left: 50%!important; position: relative; transform: translateX(-50%); }.accent{color: #00a88e; margin: 0;font-size:1.5rem;font-weight: 900;}.c-wysiwyg .accented-list li:before {top:1.15rem}.c-wysiwyg .accented-list li{margin-bottom:1.25rem}.c-wysiwyg hr+*{margin-top:2.5rem}.c-wysiwyg hr{border-bottom: 2px solid #00a88e; width: 120px;margin: 1rem 0 -1.25rem 0;}blockquote h5 { color: #00a88e; font-style: initial; } span.accented-quote { display: block; font-size: 60px; font-family: sans-serif; line-height: 20px; margin-top: 30px; margin-left: -3px; }@media(min-width: 40.6875rem){.accent{font-size:2rem}.c-wysiwyg .accented-list li:before {top:1.75rem}.c-wysiwyg hr{border-bottom: 2px solid #00a88e; width: 160px;}}.c-wysiwyg ol>li:before{left: -1.85rem; top: -0.25em; font-size: 2.875rem;}.c-wysiwyg ol>li{padding-left: 1rem;} .c-article__image-container+p { margin-top: 1.25em;}.article-submenu ul { display: grid; grid-template-columns: repeat(5,1fr); margin: 0; border-top: 1px solid rgba(0,0,0,.1); box-shadow: inset 0 -1px 0px 0px rgba(0,0,0,.1); } .article-submenu ul li:before { content: none; } .article-submenu li { text-align: center; margin: 8px 0; } .article-submenu li a { text-align: center; padding: 10px; margin: 0; background: none!important; font-size: 14px; font-weight: 300; color: #333; border-bottom: 3px solid transparent; } .article-submenu li.inactive a { pointer-events:none;color: #cacaca } .article-submenu li.current a { pointer-events:none;cursor:initial;border-color: #009981; color: #006d5c; } .article-submenu li.inactive a:after { content: \"Soon\"; display: block; position: absolute; top: 0; right: -22px; background: #cacaca; color: white; padding: 0px 3px; border-radius: 4px; border-bottom-left-radius: 0; font-size: 0.7em; box-shadow: 0 2px 4px rgba(0,0,0,.15);} .article-submenu li.active:hover a { color: #006d5c; border-color: #ddd; transition: .1s; } .article-submenu li.current:hover a { color: #006d5c; border-color: #009981; transition: .1s; }<\/style>\n<div class=\"article-submenu\">\n<ul>\n<li class=\"active current\"><a href=\"https:\/\/latam.kaspersky.com\/blog\/explorando-vida-digital\" rel=\"noopener noreferrer\" target=\"_blank\">Introducci\u00f3n<\/a><\/li>\n<li class=\"active\"><a href=\"https:\/\/latam.kaspersky.com\/blog\/explorando-vida-digital\/emprendedor\" rel=\"noopener noreferrer\" target=\"_blank\">Emprendedor<\/a><\/li>\n<li class=\"active\"><a href=\"https:\/\/latam.kaspersky.com\/blog\/explorando-vida-digital\/familia\" rel=\"noopener noreferrer\" target=\"_blank\">Familia<\/a><\/li>\n<li class=\"active \"><a href=\"https:\/\/latam.kaspersky.com\/blog\/explorando-vida-digital\/movil\" rel=\"noopener noreferrer\" target=\"_blank\">M\u00f3vil<\/a><\/li>\n<li class=\"active \"><a href=\"https:\/\/latam.kaspersky.com\/blog\/explorando-vida-digital\/entretenimiento\" rel=\"noopener noreferrer\" target=\"_blank\">Entretenimiento<\/a><\/li>\n<\/ul>\n<\/div>\n<p>\u00a0<br>\n<img decoding=\"async\" class=\"aligncenter size-full wp-image-18491\" src=\"https:\/\/media.kasperskydaily.com\/wp-content\/uploads\/sites\/94\/2021\/11\/17141327\/explorando-vida-digital-8.png\" alt=\"\" width=\"1600\" height=\"1197\"><\/p>\n<p>El estudio de Kaspersky\u00a0 <a target=\"_blank\" href=\"https:\/\/www.kaspersky.com\/blog\/digital-comfort-zone-report\/\" rel=\"noopener nofollow\"><em>\u201cM\u00e1s conectados que nunca: c\u00f3mo establecemos nuestras zonas de confort digital\u201d<\/em><\/a> muestra que m\u00e1s del 39% de los latinoamericanos no est\u00e1 seguro de tener algo de valor que lo haga blanco de los ciberdelincuentes. Este dato llam\u00f3 la atenci\u00f3n de los expertos de la empresa, quienes decidieron crear una campa\u00f1a de concientizaci\u00f3n para dar a conocer las peque\u00f1as acciones de seguridad digital que deber\u00edamos adoptar en nuestra vida diaria.<\/p>\n<p><img decoding=\"async\" class=\"alignleft size-medium wp-image-18493\" src=\"https:\/\/media.kasperskydaily.com\/wp-content\/uploads\/sites\/94\/2021\/11\/17141327\/explorando-vida-digital-10-300x295.png\" alt=\"\" width=\"300\" height=\"295\">La nueva campa\u00f1a de la empresa, titulada \u201cExplorando nuestra vida digital\u201d, se centra en las situaciones rutinarias en las que la seguridad digital est\u00e1 presente dentro de cuatro \u00e1mbitos: el entorno familiar, los dispositivos m\u00f3viles, el entretenimiento en l\u00ednea y cuando los internautas empiezan a utilizar Internet para emprendimientos. El objetivo de destacar usos reales es dejar clara la relaci\u00f3n entre la vida cotidiana y la importancia de la seguridad digital.<\/p>\n<p>Entre las situaciones, la campa\u00f1a mostrar\u00e1 las t\u00e9cnicas utilizadas para enga\u00f1ar a los usuarios con contenidos que parecen reales, pero que pretenden robar datos confidenciales o dinero de las v\u00edctimas con estafas disfrazadas de series, pel\u00edculas o nuevos \u00e1lbumes de m\u00fasica. En otros ejemplos, mostraremos el reto de mantenerse seguro en l\u00ednea en el entorno dom\u00e9stico o para aquellos que comienzan su propio negocio.<br>\n\u00a0<\/p>\n<div class=\"article-submenu\">\n<ul>\n<li class=\"active current\"><a href=\"https:\/\/latam.kaspersky.com\/blog\/explorando-vida-digital\" rel=\"noopener noreferrer\" target=\"_blank\">Introducci\u00f3n<\/a><\/li>\n<li class=\"active\"><a href=\"https:\/\/latam.kaspersky.com\/blog\/explorando-vida-digital\/emprendedor\" rel=\"noopener noreferrer\" target=\"_blank\">Emprendedor<\/a><\/li>\n<li class=\"active\"><a href=\"https:\/\/latam.kaspersky.com\/blog\/explorando-vida-digital\/familia\" rel=\"noopener noreferrer\" target=\"_blank\">Familia<\/a><\/li>\n<li class=\"active \"><a href=\"https:\/\/latam.kaspersky.com\/blog\/explorando-vida-digital\/movil\" rel=\"noopener noreferrer\" target=\"_blank\">M\u00f3vil<\/a><\/li>\n<li class=\"active \"><a href=\"https:\/\/latam.kaspersky.com\/blog\/explorando-vida-digital\/entretenimiento\" rel=\"noopener noreferrer\" target=\"_blank\">Entretenimiento<\/a><\/li>\n<\/ul>\n<\/div>\n","protected":false},"excerpt":{"rendered":"<p>Introducci\u00f3n Emprendedor Familia M\u00f3vil Entretenimiento \u00a0 El estudio de Kaspersky\u00a0 \u201cM\u00e1s conectados que nunca: c\u00f3mo establecemos nuestras zonas de confort digital\u201d muestra que m\u00e1s del 39% de los latinoamericanos no<\/p>\n","protected":false},"author":2706,"featured_media":23348,"parent":0,"menu_order":0,"comment_status":"closed","ping_status":"closed","template":"","meta":{"_acf_changed":false,"footnotes":""},"categories":[],"class_list":["post-23339","page","type-page","status-publish","has-post-thumbnail"],"hreflang":[{"hreflang":"es-mx","url":"https:\/\/latam.kaspersky.com\/blog\/explorando-vida-digital\/"},{"hreflang":"pt-br","url":"https:\/\/www.kaspersky.com.br\/blog\/explorando-vida-digital\/"}],"acf":[],"banners":"","is_landing":true,"_links":{"self":[{"href":"https:\/\/latam.kaspersky.com\/blog\/wp-json\/wp\/v2\/pages\/23339","targetHints":{"allow":["GET"]}}],"collection":[{"href":"https:\/\/latam.kaspersky.com\/blog\/wp-json\/wp\/v2\/pages"}],"about":[{"href":"https:\/\/latam.kaspersky.com\/blog\/wp-json\/wp\/v2\/types\/page"}],"author":[{"embeddable":true,"href":"https:\/\/latam.kaspersky.com\/blog\/wp-json\/wp\/v2\/users\/2706"}],"replies":[{"embeddable":true,"href":"https:\/\/latam.kaspersky.com\/blog\/wp-json\/wp\/v2\/comments?post=23339"}],"version-history":[{"count":16,"href":"https:\/\/latam.kaspersky.com\/blog\/wp-json\/wp\/v2\/pages\/23339\/revisions"}],"predecessor-version":[{"id":23430,"href":"https:\/\/latam.kaspersky.com\/blog\/wp-json\/wp\/v2\/pages\/23339\/revisions\/23430"}],"wp:featuredmedia":[{"embeddable":true,"href":"https:\/\/latam.kaspersky.com\/blog\/wp-json\/wp\/v2\/media\/23348"}],"wp:attachment":[{"href":"https:\/\/latam.kaspersky.com\/blog\/wp-json\/wp\/v2\/media?parent=23339"}],"wp:term":[{"taxonomy":"category","embeddable":true,"href":"https:\/\/latam.kaspersky.com\/blog\/wp-json\/wp\/v2\/categories?post=23339"}],"curies":[{"name":"wp","href":"https:\/\/api.w.org\/{rel}","templated":true}]}}