{"id":17987,"date":"2020-03-25T10:27:10","date_gmt":"2020-03-25T16:27:10","guid":{"rendered":"https:\/\/latam.kaspersky.com\/blog\/?page_id=17987"},"modified":"2022-05-05T09:52:51","modified_gmt":"2022-05-05T15:52:51","slug":"work-from-home-custom-page","status":"publish","type":"page","link":"https:\/\/latam.kaspersky.com\/blog\/work-from-home-custom-page\/","title":{"rendered":"Lo que necesitas saber para trabajar desde casa de forma segura"},"content":{"rendered":"<p>Cuando todos tienen que teletrabajar, tus compa\u00f1eros y t\u00fa toman en parte el relevo del departamento de TI. Aprende c\u00f3mo mantenerte a salvo y que la empresa siga en movimiento.<\/p>\n","protected":false},"excerpt":{"rendered":"<p>Cuando todos tienen que teletrabajar, tus compa\u00f1eros y t\u00fa toman en parte el relevo del departamento de TI. Aprende c\u00f3mo mantenerte a salvo y que la empresa siga en movimiento.<\/p>\n","protected":false},"author":2706,"featured_media":17990,"parent":0,"menu_order":0,"comment_status":"closed","ping_status":"closed","template":"templates\/custom-page.php","meta":{"_acf_changed":false,"footnotes":""},"categories":[],"class_list":["post-17987","page","type-page","status-publish","has-post-thumbnail"],"hreflang":[{"hreflang":"es-mx","url":"https:\/\/latam.kaspersky.com\/blog\/work-from-home-custom-page\/"},{"hreflang":"ar","url":"https:\/\/me.kaspersky.com\/blog\/work-from-home-custom-page\/"},{"hreflang":"es","url":"https:\/\/www.kaspersky.es\/blog\/work-from-home-custom-page\/"},{"hreflang":"it","url":"https:\/\/www.kaspersky.it\/blog\/work-from-home-custom-page\/"},{"hreflang":"ru","url":"https:\/\/www.kaspersky.ru\/blog\/work-from-home-custom-page\/"},{"hreflang":"tr","url":"https:\/\/www.kaspersky.com.tr\/blog\/work-from-home-custom-page\/"},{"hreflang":"x-default","url":"https:\/\/www.kaspersky.com\/blog\/work-from-home-custom-page\/"},{"hreflang":"fr","url":"https:\/\/www.kaspersky.fr\/blog\/work-from-home-custom-page\/"},{"hreflang":"pt-br","url":"https:\/\/www.kaspersky.com.br\/blog\/work-from-home-custom-page\/"},{"hreflang":"de","url":"https:\/\/www.kaspersky.de\/blog\/work-from-home-custom-page\/"},{"hreflang":"ja","url":"https:\/\/blog.kaspersky.co.jp\/work-from-home-custom-page\/"}],"acf":[],"banners":"","is_landing":true,"_links":{"self":[{"href":"https:\/\/latam.kaspersky.com\/blog\/wp-json\/wp\/v2\/pages\/17987","targetHints":{"allow":["GET"]}}],"collection":[{"href":"https:\/\/latam.kaspersky.com\/blog\/wp-json\/wp\/v2\/pages"}],"about":[{"href":"https:\/\/latam.kaspersky.com\/blog\/wp-json\/wp\/v2\/types\/page"}],"author":[{"embeddable":true,"href":"https:\/\/latam.kaspersky.com\/blog\/wp-json\/wp\/v2\/users\/2706"}],"replies":[{"embeddable":true,"href":"https:\/\/latam.kaspersky.com\/blog\/wp-json\/wp\/v2\/comments?post=17987"}],"version-history":[{"count":6,"href":"https:\/\/latam.kaspersky.com\/blog\/wp-json\/wp\/v2\/pages\/17987\/revisions"}],"predecessor-version":[{"id":18730,"href":"https:\/\/latam.kaspersky.com\/blog\/wp-json\/wp\/v2\/pages\/17987\/revisions\/18730"}],"wp:featuredmedia":[{"embeddable":true,"href":"https:\/\/latam.kaspersky.com\/blog\/wp-json\/wp\/v2\/media\/17990"}],"wp:attachment":[{"href":"https:\/\/latam.kaspersky.com\/blog\/wp-json\/wp\/v2\/media?parent=17987"}],"wp:term":[{"taxonomy":"category","embeddable":true,"href":"https:\/\/latam.kaspersky.com\/blog\/wp-json\/wp\/v2\/categories?post=17987"}],"curies":[{"name":"wp","href":"https:\/\/api.w.org\/{rel}","templated":true}]}}