{"id":14955,"date":"2019-07-17T08:27:06","date_gmt":"2019-07-17T14:27:06","guid":{"rendered":"https:\/\/latam.kaspersky.com\/blog\/?page_id=14955"},"modified":"2022-05-05T09:52:50","modified_gmt":"2022-05-05T15:52:50","slug":"faceapp-privacy-risks","status":"publish","type":"page","link":"https:\/\/latam.kaspersky.com\/blog\/faceapp-privacy-risks\/","title":{"rendered":"\u00bfYa probaste el FaceApp? Kaspersky alerta sobre los riesgos de privacidad en el reconocimiento facial"},"content":{"rendered":"<p>En estos d\u00edas, usuarios de redes sociales han compartido im\u00e1genes de c\u00f3mo se ver\u00e1n al envejecer. El creador de esta tendencia es FaceApp, la cual tiene versiones para sistemas Android y iPhone, y permite utilizar el filtro de envejecimiento de forma gratuita. Pero \u00bfpuede tanto alboroto por utilizar la aplicaci\u00f3n da\u00f1ar la privacidad de los usuarios? \u00bfQu\u00e9 tan seguras son las aplicaciones que utilizan reconocimiento facial?<\/p>\n<p>Frente a estos cuestionamientos, Kaspersky analiz\u00f3 la aplicaci\u00f3n y aun cuando en este caso no hay un riesgo evidente, es un buen momento para llamar la atenci\u00f3n sobre la privacidad en el reconocimiento facial.<\/p>\n<p><em>\u201cLa foto se env\u00eda a los servidores de la aplicaci\u00f3n donde realizan la modificaci\u00f3n y se la env\u00eda al usuario\u201d<\/em>, analiza Fabio Assolini, analista senior de Seguridad en Kaspersky.<\/p>\n<p>En opini\u00f3n del especialista, es importante prestar atenci\u00f3n a la privacidad. Sin embargo, un reciente estudio de Kaspersky revel\u00f3 que cerca del 55% de los internautas latinoamericanos no lee las condiciones de una aplicaci\u00f3n antes de descargarla en sus dispositivos, porque las considera extensas y aburridas, o porque no cree que esto lo perjudique, ignorando la configuraci\u00f3n de privacidad. De estos, los argentinos y chilenos llevan la delantera con un 71%, seguidos por los colombianos (69%), brasileros (64%), peruanos (57%) y mexicanos (54%).<\/p>\n<p>La tecnolog\u00eda se reinventa cada vez m\u00e1s y el reconocimiento facial est\u00e1 ganando fuerza y creciendo r\u00e1pidamente, no s\u00f3lo en el sector privado, sino tambi\u00e9n en el p\u00fablico.<\/p>\n<p><em>\u201cEn el caso de FaceApp, al utilizar Inteligencia Artificial para realizar las modificaciones del reconocimiento facial, el propietario de la empresa podr\u00eda vender estas fotos a empresas de este tipo, y estos datos pueden ser utilizados f\u00e1cilmente por ciberdelincuentes para falsificar nuestra identidad\u201d<\/em>, afirm\u00f3 Assolini.<\/p>\n<p>Al descargar aplicaciones, Kaspersky recomienda a los usuarios:<\/p>\n<ul>\n<li>Asegurarse de que la aplicaci\u00f3n sea confiable y est\u00e9 en las tiendas oficiales.<\/li>\n<li>Leer los t\u00e9rminos de privacidad de las aplicaciones para comprender qu\u00e9 informaci\u00f3n se solicita.<\/li>\n<li>Entender el reconocimiento facial como una contrase\u00f1a: no lo utilice siempre.<\/li>\n<li>Verificar siempre qu\u00e9 permisos se solicitan para acceder a la aplicaci\u00f3n, como el inicio de sesi\u00f3n asociado con una cuenta existente en una red social determinada.<\/li>\n<li>Utilice una soluci\u00f3n de ciberseguridad como <a href=\"https:\/\/latam.kaspersky.com\/total-security?redef=1&amp;THRU&amp;reseller=mx_kdailyplacehold_acq_ona_smm__onl_b2c_kasperskydaily_wpplaceholder____kts___\" target=\"_blank\" rel=\"noopener\">Kaspersky Total Security<\/a> que proteja a su dispositivo contra ciberamenazas.<\/li>\n<\/ul>\n<p>El reconocimiento facial, as\u00ed como la biometr\u00eda, se han utilizado sistem\u00e1ticamente como formas de autenticaci\u00f3n, pero se debe tener cuidado al decidir compartirlos y pensar en los riesgos.<\/p>\n<p><em>\u201cTenemos que ver a estas nuevas formas de autenticaci\u00f3n como contrase\u00f1as, ya que cualquier sistema de reconocimiento facial disponible para todos, puede terminar siendo usado tanto para el bien como para el mal\u201d<\/em>, apunt\u00f3 Assolini.<\/p>\n<p>Para m\u00e1s informaci\u00f3n sobre c\u00f3mo resguardar tu privacidad en l\u00ednea, visita nuestro blog:<\/p>\n<blockquote class=\"wp-embedded-content\" data-secret=\"06QzTtzHb1\"><p><a href=\"https:\/\/latam.kaspersky.com\/blog\/privacy-ten-tips-2018\/13149\/\" target=\"_blank\" rel=\"noopener\">C\u00f3mo mejorar tu privacidad online en 10 pasos<\/a><\/p><\/blockquote>\n<p><iframe class=\"wp-embedded-content\" sandbox=\"allow-scripts\" security=\"restricted\" style=\"position: absolute; clip: rect(1px, 1px, 1px, 1px);\" title=\"\u201cC\u00f3mo mejorar tu privacidad online en 10 pasos\u201d \u2014 Daily - Spanish - LatAm - latam.kaspersky.com\/blog\" src=\"https:\/\/latam.kaspersky.com\/blog\/privacy-ten-tips-2018\/13149\/embed\/#?secret=53qcUyKAdt#?secret=06QzTtzHb1\" data-secret=\"06QzTtzHb1\" width=\"500\" height=\"282\" frameborder=\"0\" marginwidth=\"0\" marginheight=\"0\" scrolling=\"no\"><\/iframe><\/p>\n<h4><strong>Acerca de Kaspersky<\/strong><\/h4>\n<p>Kaspersky es una empresa de ciberseguridad global fundada en 1997. La profunda experiencia de Kaspersky en inteligencia de amenazas y seguridad se transforma constantemente en soluciones y servicios de seguridad innovadores para proteger a empresas, infraestructuras cr\u00edticas, gobiernos y consumidores en todo el mundo. El amplio portafolio de seguridad de la compa\u00f1\u00eda incluye una protecci\u00f3n de <em>endpoints<\/em> l\u00edder y una serie de soluciones y servicios de seguridad especializados para combatir las amenazas digitales m\u00e1s avanzadas y en evoluci\u00f3n. M\u00e1s de 400 millones de usuarios est\u00e1n protegidos por las tecnolog\u00edas de Kaspersky y ayudamos a 270,000 clientes corporativos a proteger lo que m\u00e1s valoran. Obtenga m\u00e1s informaci\u00f3n en <a href=\"http:\/\/latam.kaspersky.com\" target=\"_blank\" rel=\"noopener noreferrer\">http:\/\/latam.kaspersky.com<\/a>.<\/p>\n","protected":false},"excerpt":{"rendered":"<p>En estos d\u00edas, usuarios de redes sociales han compartido im\u00e1genes de c\u00f3mo se ver\u00e1n al envejecer. El creador de esta tendencia es FaceApp, la cual tiene versiones para sistemas Android<\/p>\n","protected":false},"author":2706,"featured_media":14685,"parent":0,"menu_order":0,"comment_status":"closed","ping_status":"closed","template":"","meta":{"_acf_changed":false,"footnotes":""},"categories":[],"class_list":["post-14955","page","type-page","status-publish","has-post-thumbnail"],"hreflang":[{"hreflang":"es-mx","url":"https:\/\/latam.kaspersky.com\/blog\/faceapp-privacy-risks\/"}],"acf":[],"banners":"","is_landing":true,"_links":{"self":[{"href":"https:\/\/latam.kaspersky.com\/blog\/wp-json\/wp\/v2\/pages\/14955","targetHints":{"allow":["GET"]}}],"collection":[{"href":"https:\/\/latam.kaspersky.com\/blog\/wp-json\/wp\/v2\/pages"}],"about":[{"href":"https:\/\/latam.kaspersky.com\/blog\/wp-json\/wp\/v2\/types\/page"}],"author":[{"embeddable":true,"href":"https:\/\/latam.kaspersky.com\/blog\/wp-json\/wp\/v2\/users\/2706"}],"replies":[{"embeddable":true,"href":"https:\/\/latam.kaspersky.com\/blog\/wp-json\/wp\/v2\/comments?post=14955"}],"version-history":[{"count":5,"href":"https:\/\/latam.kaspersky.com\/blog\/wp-json\/wp\/v2\/pages\/14955\/revisions"}],"predecessor-version":[{"id":18523,"href":"https:\/\/latam.kaspersky.com\/blog\/wp-json\/wp\/v2\/pages\/14955\/revisions\/18523"}],"wp:featuredmedia":[{"embeddable":true,"href":"https:\/\/latam.kaspersky.com\/blog\/wp-json\/wp\/v2\/media\/14685"}],"wp:attachment":[{"href":"https:\/\/latam.kaspersky.com\/blog\/wp-json\/wp\/v2\/media?parent=14955"}],"wp:term":[{"taxonomy":"category","embeddable":true,"href":"https:\/\/latam.kaspersky.com\/blog\/wp-json\/wp\/v2\/categories?post=14955"}],"curies":[{"name":"wp","href":"https:\/\/api.w.org\/{rel}","templated":true}]}}