{"id":13063,"date":"2018-06-14T06:20:07","date_gmt":"2018-06-14T12:20:07","guid":{"rendered":"https:\/\/latam.kaspersky.com\/blog\/?page_id=13063"},"modified":"2022-05-05T09:52:51","modified_gmt":"2022-05-05T15:52:51","slug":"kaspersky-anti-ransomware-tool-for-business","status":"publish","type":"page","link":"https:\/\/latam.kaspersky.com\/blog\/kaspersky-anti-ransomware-tool-for-business\/","title":{"rendered":"Kaspersky\u00ae Anti-Ransomware Tool for Business"},"content":{"rendered":"<link rel=\"stylesheet\" href=\"https:\/\/media.kasperskydaily.com\/wp-content\/uploads\/sites\/92\/2019\/03\/20051835\/kartpage-style.css\">\n<style>.main{font-size:20px}<\/style>\n<div class=\"main\">\n<div class=\"subheader-section\" style=\"background-image:url('https:\/\/media.kasperskydaily.com\/wp-content\/uploads\/sites\/87\/2018\/06\/14061342\/KART13.jpg')\">\n<div class=\"container\">\n<div class=\"row\">\n<div class=\"col-l-4\"> <img decoding=\"async\" src=\"https:\/\/media.kasperskydaily.com\/wp-content\/uploads\/sites\/87\/2018\/06\/14061259\/kart-icon-heading.png\" alt=\"\"><\/div>\n<div class=\"col-l-8\">\n<h1 class=\"page-title\">Kaspersky<sup class=\"registered-mark\">\u00ae<\/sup><br> Antiransomware <br> Tool\u00a0for\u00a0Business<\/h1>\n<\/div>\n<\/div><\/div>\n<\/div>\n<div class=\"banner-section grey-background\">\n<div class=\"container green-background\">\n<div class=\"row\">\n<div class=\"col-l-8\">\n<h4 class=\"section-title\">Kaspersky Anti-Ransomware Tool for Business proporciona un 100\u00a0% de protecci\u00f3n frente al ransomware*<\/h4>\n<p>Proteja su empresa frente al ransomware de la forma m\u00e1s sencilla <br>con Kaspersky Anti-Ransomware Tool for Business.<\/p>\n<\/div>\n<div class=\"col-l-4 \"><a href=\"#form-section\" class=\"button green full-width\" target=\"_blank\" rel=\"noopener\">DESCARGUE GRATIS <br>KASPERSKY ANTI-RANSOMWARE TOOL FOR BUSINESS<\/a> <\/div>\n<\/div><\/div>\n<\/div>\n<div class=\"regular-section divider\">\n<div class=\"container\">\n<h3 class=\"section-title\">Y la nueva Kaspersky Anti-Ransomware Tool for Business de 2020 es gratis.<\/h3>\n<p class=\"section-desc\">Esta herramienta ligera incluye todas las funciones vanguardistas de las tecnolog\u00edas de protecci\u00f3n de endpoints de Kaspersky Lab, como la detecci\u00f3n del comportamiento con asistencia en la nube, para bloquear el ransomware y el malware de cifrado de inmediato.<br>Y, como cumple con el GDPR, puede confiar en que sus datos se tratan y protegen de manera responsable.<\/p>\n<ul class=\"articles-list section-col-m-2 reset-l section-col-l-3\">\n<li>\n<figure><a><img decoding=\"async\" src=\"https:\/\/media.kasperskydaily.com\/wp-content\/uploads\/sites\/87\/2020\/06\/08051639\/KART-gears.png\"><\/a><\/figure>\n<h2><a>Protecci\u00f3n para carpetas compartidas<\/a><\/h2>\n<p>Kaspersky Anti-Ransomware Tool for Business puede bloquear los intentos de cifrado locales y remotos de los datos de usuario.<\/p>\n<\/li>\n<li>\n<figure><a><img decoding=\"async\" src=\"https:\/\/media.kasperskydaily.com\/wp-content\/uploads\/sites\/87\/2020\/06\/08051708\/KART-puzzle.png\"><\/a><\/figure>\n<h2><a>Funciona con la mayor\u00eda de software de seguridad<\/a><\/h2>\n<p>No importa el proveedor de seguridad que utilice; la herramienta Anti-Ransomware de Kaspersky Lab funciona con \u00e9l. <\/p>\n<\/li>\n<li>\n<figure><a><img decoding=\"async\" src=\"https:\/\/media.kasperskydaily.com\/wp-content\/uploads\/sites\/87\/2020\/06\/08051742\/KART-bell.png\"><\/a><\/figure>\n<h2><a>Detecci\u00f3n de criptominer\u00eda<\/a><\/h2>\n<p>Adem\u00e1s de los elementos de malware, Kaspersky Anti-Ransomware Tool for Business puede detectar y bloquear los de adware, pornware y riskware, incluido el software de criptominer\u00eda.<\/p>\n<\/li>\n<\/ul><\/div>\n<\/div>\n<section class=\"awards-section\">\n<div class=\"container\">\n<h3 class=\"section-title\">Con la seguridad m\u00e1s probada y m\u00e1s premiada del mundo.<\/h3>\n<p>Kaspersky Anti-Ransomware Tool for Business ayuda a proteger su empresa frente a una de las amenazas a la ciberseguridad m\u00e1s peligrosas.<\/p>\n<p>La herramienta se basa en la seguridad <a href=\"\/top3\" target=\"_blank\" rel=\"noopener\">m\u00e1s probada y galardonada del mundo<\/a>, as\u00ed como en algunas tecnolog\u00edas usadas en <a href=\"\/small-to-medium-business-security\/windows-workstation\" target=\"_blank\" rel=\"noopener\">Kaspersky Endpoint Security for Business<\/a>.<\/p>\n<\/div>\n<\/section>\n<section class=\"regular-section grey-background\">\n<div class=\"container\">\n<div class=\"row\">\n<div class=\"col-l-6\"> <img decoding=\"async\" class=\"kart-icon-mid\" src=\"https:\/\/media.kasperskydaily.com\/wp-content\/uploads\/sites\/87\/2018\/06\/14061259\/KART-icon.png\" alt=\"\"><\/div>\n<div class=\"col-l-6\">\n<h4 class=\"section-title\">No pase a formar parte de la estad\u00edstica.<\/h4>\n<p>Descargue gratis Kaspersky Anti-Ransomware Tool for Business hoy mismo.<\/p>\n<p><a href=\"#form-section\" class=\"button green\" style=\"color:white!important\" target=\"_blank\" rel=\"noopener\">DESCARGUE GRATIS <br>KASPERSKY ANTI-RANSOMWARE TOOL FOR BUSINESS<\/a><br><a href=\"\/about\/contact\" class=\"button transparent\" target=\"_blank\" rel=\"noopener\">CONTACTO<br>\u00a0<\/a><\/p><\/div>\n<\/div>\n<\/div>\n<\/section>\n<section class=\"awards-section form-section divider\"><a class=\"offset\" name=\"form-section\"><\/a>\n<div class=\"container\">\n<h3 class=\"section-title\">Descargue gratis Kaspersky Anti-Ransomware Tool for Business<\/h3>\n<div class=\"interactive\"><form id=\"mktoForm_25666\"><\/form><script>MktoForms2.loadForm(\"\/\/app-sj06.marketo.com\", \"802-IJN-240\", 25666);<\/script><script>\n            MktoForms2.whenReady(function(form) {\n                form.onSuccess(function(vals, tyURL) {\n                    document.location.href = tyURL;\n                    dataLayer.push({\n                        'event': 'addEvents_makeConversions',\n                        'event_id': 'd-n01-e11',\n                        'conversion_name': 'Marketo Form',\n                        'conversion_step': 'Form Fill Out',\n                        'conversion_param': jQuery(location).attr(\"href\"),\n                        'eventCallback' : function() {\n                            jQuery(location).attr('href',tyURL);\n                        }\n                    });\n                    return false;\n                });\n            });\n            <\/script><\/div><!-- RECAPTCHA -->\n        <style>.googleRecaptcha { padding: 20px !important; }<\/style>\n        <script>\n            var GOOGLE_RECAPTCHA_SITE_KEY = '6Lf2eUQUAAAAAC-GQSZ6R2pjePmmD6oA6F_3AV7j';\n\n            var insertGoogleRecaptcha = function (form) {\n            var formElem = form.getFormElem().get(0);\n\n            if (formElem && window.grecaptcha) {\n                var div = window.document.createElement('div');\n                var divId = 'g-recaptcha-' + form.getId();\n                var buttonRow = formElem.querySelector('.mktoButtonRow');\n                var button = buttonRow ? buttonRow.querySelector('.mktoButton[type=\"submit\"]') : null;\n\n                var submitHandler = function (e) {\n                var recaptchaResponse = window.grecaptcha && window.grecaptcha.getResponse(widgetId);\n                e.preventDefault();\n\n                if (form.validate()) {\n                    if (!recaptchaResponse) {\n                    div.setAttribute('data-error', 'true');\n                    } else {\n                    div.setAttribute('data-error', 'false');\n\n                    form.addHiddenFields({\n                        reCAPTCHAFormResponse: recaptchaResponse,\n                    });\n\n                    form.submit();\n                    }\n                }\n                };\n\n                div.id = divId;\n                div.classList.add('googleRecaptcha');\n\n                if (button) {\n                button.addEventListener('click', submitHandler);\n                }\n\n                if (buttonRow) {\n                formElem.insertBefore(div, buttonRow);\n                }\n\n                if (window.grecaptcha.render) {\n                    var widgetId = window.grecaptcha.render(divId, {\n                    sitekey: GOOGLE_RECAPTCHA_SITE_KEY,\n                });\n                formElem.style.display = '';\n                }\n            }\n            };\n\n            function onloadApiCallback() {\n            var forms = MktoForms2.allForms();\n            for (var i = 0; i < forms.length; i++) {\n                insertGoogleRecaptcha(forms[i]);\n            }\n            }\n\n            (function () {\n            MktoForms2.whenReady(function (form) {\n                form.getFormElem().get(0).style.display = 'none';\n                jQuery.getScript('\/\/www.google.com\/recaptcha\/api.js?onload=onloadApiCallback');\n            });\n            })();\n        <\/script>\n        <!-- END RECAPTCHA --><\/div>\n<\/section><\/div>\n","protected":false},"excerpt":{"rendered":"<p>Descargue gratis Kaspersky Anti-Ransomware Tool for Business. Es una herramienta ligera que permite analizar y bloquear de inmediato el ransomware y el criptomalware. Y, como cumple con el RGPD, puede confiar en que sus datos ser\u00e1n procesados y protegidos de forma responsable.<\/p>\n","protected":false},"author":2706,"featured_media":13068,"parent":0,"menu_order":0,"comment_status":"closed","ping_status":"closed","template":"templates\/legacy-page.php","meta":{"_acf_changed":false,"footnotes":""},"categories":[],"class_list":["post-13063","page","type-page","status-publish","has-post-thumbnail"],"hreflang":[{"hreflang":"es-mx","url":"https:\/\/latam.kaspersky.com\/blog\/kaspersky-anti-ransomware-tool-for-business\/"},{"hreflang":"en-in","url":"https:\/\/www.kaspersky.co.in\/blog\/kaspersky-anti-ransomware-tool-for-business\/"},{"hreflang":"en-ae","url":"https:\/\/me-en.kaspersky.com\/blog\/kaspersky-anti-ransomware-tool-for-business\/"},{"hreflang":"en-us","url":"https:\/\/usa.kaspersky.com\/blog\/kaspersky-anti-ransomware-tool-for-business\/"},{"hreflang":"en-gb","url":"https:\/\/www.kaspersky.co.uk\/blog\/kaspersky-anti-ransomware-tool-for-business\/"},{"hreflang":"es","url":"https:\/\/www.kaspersky.es\/blog\/kaspersky-anti-ransomware-tool-for-business\/"},{"hreflang":"it","url":"https:\/\/www.kaspersky.it\/blog\/kaspersky-anti-ransomware-tool-for-business\/"},{"hreflang":"ru","url":"https:\/\/www.kaspersky.ru\/blog\/kaspersky-anti-ransomware-tool-for-business\/"},{"hreflang":"tr","url":"https:\/\/www.kaspersky.com.tr\/blog\/kaspersky-anti-ransomware-tool-for-business\/"},{"hreflang":"x-default","url":"https:\/\/www.kaspersky.com\/blog\/kaspersky-anti-ransomware-tool-for-business\/"},{"hreflang":"pt-br","url":"https:\/\/www.kaspersky.com.br\/blog\/kaspersky-anti-ransomware-tool-for-business\/"},{"hreflang":"de","url":"https:\/\/www.kaspersky.de\/blog\/kaspersky-anti-ransomware-tool-for-business\/"},{"hreflang":"zh","url":"https:\/\/www.kaspersky.com.cn\/blog\/kaspersky-anti-ransomware-tool-for-business\/"}],"acf":[],"banners":"","is_landing":true,"_links":{"self":[{"href":"https:\/\/latam.kaspersky.com\/blog\/wp-json\/wp\/v2\/pages\/13063","targetHints":{"allow":["GET"]}}],"collection":[{"href":"https:\/\/latam.kaspersky.com\/blog\/wp-json\/wp\/v2\/pages"}],"about":[{"href":"https:\/\/latam.kaspersky.com\/blog\/wp-json\/wp\/v2\/types\/page"}],"author":[{"embeddable":true,"href":"https:\/\/latam.kaspersky.com\/blog\/wp-json\/wp\/v2\/users\/2706"}],"replies":[{"embeddable":true,"href":"https:\/\/latam.kaspersky.com\/blog\/wp-json\/wp\/v2\/comments?post=13063"}],"version-history":[{"count":6,"href":"https:\/\/latam.kaspersky.com\/blog\/wp-json\/wp\/v2\/pages\/13063\/revisions"}],"predecessor-version":[{"id":19032,"href":"https:\/\/latam.kaspersky.com\/blog\/wp-json\/wp\/v2\/pages\/13063\/revisions\/19032"}],"wp:featuredmedia":[{"embeddable":true,"href":"https:\/\/latam.kaspersky.com\/blog\/wp-json\/wp\/v2\/media\/13068"}],"wp:attachment":[{"href":"https:\/\/latam.kaspersky.com\/blog\/wp-json\/wp\/v2\/media?parent=13063"}],"wp:term":[{"taxonomy":"category","embeddable":true,"href":"https:\/\/latam.kaspersky.com\/blog\/wp-json\/wp\/v2\/categories?post=13063"}],"curies":[{"name":"wp","href":"https:\/\/api.w.org\/{rel}","templated":true}]}}